{"id":5,"date":"2019-11-26T12:22:54","date_gmt":"2019-11-26T12:22:54","guid":{"rendered":"https:\/\/rugidomagico.com\/?page_id=5"},"modified":"2025-12-10T16:12:26","modified_gmt":"2025-12-10T16:12:26","slug":"blogger-gb-home","status":"publish","type":"page","link":"https:\/\/rugidomagico.com\/pt\/","title":{"rendered":"In\u00edcio"},"content":{"rendered":"<a href=\"https:\/\/rugidomagico.com\/pt\/tiger-trilogy-book\/\"  target=\"_self\" itemprop=\"url\">\n\t\t\t\t<img loading=\"lazy\" decoding=\"async\" src=\"https:\/\/rugidomagico.com\/wp-content\/uploads\/2025\/05\/Tiger_Jamie_Cover-3.png\" alt=\"Tiger_Jamie_Cover\" itemprop=\"image\" height=\"1514\" width=\"2270\" title=\"Tiger_Jamie_Cover\" onerror=\"this.style.display='none'\"  \/>\n\t\t\t\t<\/a>\n\t\t\t<a href=\"https:\/\/rugidomagico.com\/pt\/the-tiger-trilogy-la-trilogia-del-tigre\/\" target=\"_self\">\n\t\t\t\t\t\t\tLeia e compre o livro ingl\u00eas &gt; espanhol\n\t\t\t\t\t<\/a>\n\t\t\t<a href=\"https:\/\/rugidomagico.com\/pt\/the-tiger-trilogy-a-trilogia-do-tigre\/\" target=\"_self\">\n\t\t\t\t\t\t\tLeia e compre o livro ingl\u00eas &gt; portugu\u00eas\n\t\t\t\t\t<\/a>\n\t<h2>Rugido m\u00e1gico<\/h2>\n<p>Rugido Magico \u00e9 uma colabora\u00e7\u00e3o entre o poeta ingl\u00eas Jamie Coats e a ilustradora colombiana Lina Cabrera para criar livros m\u00e1gicos inspiradores em v\u00e1rios idiomas que podem ser lidos em voz alta para despertar empatia, estimular a imagina\u00e7\u00e3o e incentivar as pessoas a se unirem para serem corajosos catalisadores de mudan\u00e7as.<\/p>\n<p>Rugido Magico \u00e9 uma parceria com Conor Byrne na Irlanda, Vivi Sobral no Brasil e Luis Paiz na Col\u00f4mbia.<\/p>\n<p>rugidomagico.com<\/p>","protected":false},"excerpt":{"rendered":"<p>Leia e compre o livro em ingl\u00eas &gt; espanhol Leia e compre o livro em ingl\u00eas &gt; portugu\u00eas Rugido M\u00e1gico Rugido M\u00e1gico \u00e9 uma colabora\u00e7\u00e3o entre o poeta ingl\u00eas Jamie Coats e a ilustradora colombiana Lina Cabrera para criar livros m\u00e1gicos inspiradores em v\u00e1rios idiomas que podem ser lidos em voz alta para despertar empatia, estimular a imagina\u00e7\u00e3o e...&nbsp;<a href=\"https:\/\/rugidomagico.com\/pt\/\" rel=\"bookmark\">Continue lendo \u00bb<span class=\"screen-reader-text\">In\u00edcio<\/span><\/a><\/p>","protected":false},"author":4,"featured_media":0,"parent":0,"menu_order":0,"comment_status":"closed","ping_status":"closed","template":"page-templates\/template-pagebuilder-full-width.php","meta":{"neve_meta_sidebar":"full-width","neve_meta_container":"","neve_meta_enable_content_width":"on","neve_meta_content_width":100,"neve_meta_title_alignment":"","neve_meta_author_avatar":"","neve_post_elements_order":"","neve_meta_disable_header":"","neve_meta_disable_footer":"","neve_meta_disable_title":"on","footnotes":""},"class_list":["post-5","page","type-page","status-publish","hentry"],"_links":{"self":[{"href":"https:\/\/rugidomagico.com\/pt\/wp-json\/wp\/v2\/pages\/5","targetHints":{"allow":["GET"]}}],"collection":[{"href":"https:\/\/rugidomagico.com\/pt\/wp-json\/wp\/v2\/pages"}],"about":[{"href":"https:\/\/rugidomagico.com\/pt\/wp-json\/wp\/v2\/types\/page"}],"author":[{"embeddable":true,"href":"https:\/\/rugidomagico.com\/pt\/wp-json\/wp\/v2\/users\/4"}],"replies":[{"embeddable":true,"href":"https:\/\/rugidomagico.com\/pt\/wp-json\/wp\/v2\/comments?post=5"}],"version-history":[{"count":71,"href":"https:\/\/rugidomagico.com\/pt\/wp-json\/wp\/v2\/pages\/5\/revisions"}],"predecessor-version":[{"id":476,"href":"https:\/\/rugidomagico.com\/pt\/wp-json\/wp\/v2\/pages\/5\/revisions\/476"}],"wp:attachment":[{"href":"https:\/\/rugidomagico.com\/pt\/wp-json\/wp\/v2\/media?parent=5"}],"curies":[{"name":"wp","href":"https:\/\/api.w.org\/{rel}","templated":true}]}}