{"id":483,"date":"2025-05-15T11:07:17","date_gmt":"2025-05-15T11:07:17","guid":{"rendered":"https:\/\/rugidomagico.com\/?page_id=483"},"modified":"2025-05-15T11:07:17","modified_gmt":"2025-05-15T11:07:17","slug":"blogger-gb-about-copy","status":"publish","type":"page","link":"https:\/\/rugidomagico.com\/pt\/blogger-gb-about-copy\/","title":{"rendered":"Not\u00edcias (Newtemp)"},"content":{"rendered":"<h2>\n\t\tNot\u00edcias\n\t<\/h2>\n\t\t\t\t<img loading=\"lazy\" decoding=\"async\" src=\"https:\/\/rugidomagico.com\/wp-content\/uploads\/2025\/03\/Jamie-2025-02-18-at-19.15.32.jpeg\" alt=\"Jamie 2025-02-18 at 19.15.32\" itemprop=\"image\" height=\"1599\" width=\"1202\" title=\"Jamie 2025-02-18 at 19.15.32\" onerror=\"this.style.display='none'\"  \/>\n\t<p><strong>Jamie Coats<\/strong><\/p>\n<h2>Inspirar com palavras e a\u00e7\u00f5es<\/h2>\nPai de uma filha adulta, ele usa gravatas florais para se lembrar de sua irm\u00e3 mais velha colorida.<br \/>\n<strong>Autor e cofundador<\/strong>\n<p>Cat\u00e1logo: <a href=\"https:\/\/rugidomagico.com\/pt\/category\/tiger-trilogy\/\">Trilogia do Tigre<\/a><\/p>\n<h2>\n\t\tSobre n\u00f3s\n\t<\/h2>\n\t\t\t\t<img loading=\"lazy\" decoding=\"async\" src=\"https:\/\/rugidomagico.com\/wp-content\/uploads\/2025\/03\/Conor-Byrne.jpg\" alt=\"Conor Byrne\" itemprop=\"image\" height=\"200\" width=\"200\" title=\"Conor Byrne\" onerror=\"this.style.display='none'\"  \/>\n\t<strong>Conor Byrne<br \/>\n<\/strong><strong>Cofundador<\/strong>\n<em>Adoro combinar estrat\u00e9gia, narra\u00e7\u00e3o de hist\u00f3rias e tecnologia inteligente para fazer brainstorming e criar a pr\u00f3xima grande ideia.<br \/>\n<\/em>\n\t\t\t\t<img loading=\"lazy\" decoding=\"async\" src=\"https:\/\/rugidomagico.com\/wp-content\/uploads\/2025\/03\/Viviane-Sobral-BW.png\" alt=\"Viviane Sobral BW\" itemprop=\"image\" height=\"775\" width=\"775\" title=\"Viviane Sobral BW\" onerror=\"this.style.display='none'\"  \/>\n\t<strong>Vivi Sobral<br \/>\nCofundador<\/strong>\n<p>Viajou por todos os continentes, seguindo sua curiosidade de se conectar com as pessoas e ouvir suas hist\u00f3rias.<\/p>","protected":false},"excerpt":{"rendered":"<p>News Jamie Coats Inspiring with words and actions Father of a grown-up daughter, he wears floral ties to remember his colourful older sister. Author and Co-founder Catalog: Tiger Trilogy About Us Conor Byrne Co-founder I love blending strategy, storytelling, and smart tech to brainstorm and build the next big idea, I&#8217;m all about making generosity&hellip;&nbsp;<a href=\"https:\/\/rugidomagico.com\/pt\/blogger-gb-about-copy\/\" rel=\"bookmark\">Continue lendo \u00bb<span class=\"screen-reader-text\">Not\u00edcias (Newtemp)<\/span><\/a><\/p>","protected":false},"author":4,"featured_media":0,"parent":0,"menu_order":0,"comment_status":"closed","ping_status":"closed","template":"","meta":{"neve_meta_sidebar":"full-width","neve_meta_container":"","neve_meta_enable_content_width":"on","neve_meta_content_width":100,"neve_meta_title_alignment":"","neve_meta_author_avatar":"","neve_post_elements_order":"","neve_meta_disable_header":"","neve_meta_disable_footer":"","neve_meta_disable_title":"on","footnotes":""},"class_list":["post-483","page","type-page","status-publish","hentry"],"_links":{"self":[{"href":"https:\/\/rugidomagico.com\/pt\/wp-json\/wp\/v2\/pages\/483","targetHints":{"allow":["GET"]}}],"collection":[{"href":"https:\/\/rugidomagico.com\/pt\/wp-json\/wp\/v2\/pages"}],"about":[{"href":"https:\/\/rugidomagico.com\/pt\/wp-json\/wp\/v2\/types\/page"}],"author":[{"embeddable":true,"href":"https:\/\/rugidomagico.com\/pt\/wp-json\/wp\/v2\/users\/4"}],"replies":[{"embeddable":true,"href":"https:\/\/rugidomagico.com\/pt\/wp-json\/wp\/v2\/comments?post=483"}],"version-history":[{"count":2,"href":"https:\/\/rugidomagico.com\/pt\/wp-json\/wp\/v2\/pages\/483\/revisions"}],"predecessor-version":[{"id":489,"href":"https:\/\/rugidomagico.com\/pt\/wp-json\/wp\/v2\/pages\/483\/revisions\/489"}],"wp:attachment":[{"href":"https:\/\/rugidomagico.com\/pt\/wp-json\/wp\/v2\/media?parent=483"}],"curies":[{"name":"wp","href":"https:\/\/api.w.org\/{rel}","templated":true}]}}