{"id":5,"date":"2019-11-26T12:22:54","date_gmt":"2019-11-26T12:22:54","guid":{"rendered":"https:\/\/rugidomagico.com\/?page_id=5"},"modified":"2025-12-10T16:12:26","modified_gmt":"2025-12-10T16:12:26","slug":"blogger-gb-home","status":"publish","type":"page","link":"https:\/\/rugidomagico.com\/es\/","title":{"rendered":"Inicio"},"content":{"rendered":"<a href=\"https:\/\/rugidomagico.com\/es\/tiger-trilogy-book\/\"  target=\"_self\" itemprop=\"url\">\n\t\t\t\t<img loading=\"lazy\" decoding=\"async\" src=\"https:\/\/rugidomagico.com\/wp-content\/uploads\/2025\/05\/Tiger_Jamie_Cover-3.png\" alt=\"Tiger_Jamie_Cover\" itemprop=\"image\" height=\"1514\" width=\"2270\" title=\"Tiger_Jamie_Cover\" onerror=\"this.style.display='none'\"  \/>\n\t\t\t\t<\/a>\n\t\t\t<a href=\"https:\/\/rugidomagico.com\/es\/the-tiger-trilogy-la-trilogia-del-tigre\/\" target=\"_self\">\n\t\t\t\t\t\t\tLea y compre el libro en ingl\u00e9s &gt; espa\u00f1ol\n\t\t\t\t\t<\/a>\n\t\t\t<a href=\"https:\/\/rugidomagico.com\/es\/the-tiger-trilogy-a-trilogia-do-tigre\/\" target=\"_self\">\n\t\t\t\t\t\t\tLea y compre el libro en ingl\u00e9s &gt; portugu\u00e9s\n\t\t\t\t\t<\/a>\n\t<h2>Rugido m\u00e1gico<\/h2>\n<p>Rugido M\u00e1gico es una colaboraci\u00f3n entre el poeta ingl\u00e9s Jamie Coats y la ilustradora colombiana Lina Cabrera para crear libros m\u00e1gicos inspiradores en varios idiomas que puedan leerse en voz alta para despertar la empat\u00eda, avivar la imaginaci\u00f3n y animar a la gente a unirse para ser valientes catalizadores del cambio.<\/p>\n<p>Rugido M\u00e1gico es una asociaci\u00f3n con Conor Byrne en Irlanda, Vivi Sobral en Brasil y Luis Paiz en Colombia.<\/p>\n<p>rugidomagico.com<\/p>","protected":false},"excerpt":{"rendered":"<p>Lee y compra el libro en ingl\u00e9s &gt; espa\u00f1ol Lee y compra el libro en ingl\u00e9s &gt; portugu\u00e9s Magical Roar Rugido M\u00e1gico es una colaboraci\u00f3n entre el poeta ingl\u00e9s Jamie Coats y la ilustradora colombiana Lina Cabrera para crear libros m\u00e1gicos e inspiradores en varios idiomas que se pueden leer en voz alta para despertar la empat\u00eda, estimular la imaginaci\u00f3n y...&nbsp;<a href=\"https:\/\/rugidomagico.com\/es\/\" rel=\"bookmark\">Leer m\u00e1s \u00bb<span class=\"screen-reader-text\">Inicio<\/span><\/a><\/p>","protected":false},"author":4,"featured_media":0,"parent":0,"menu_order":0,"comment_status":"closed","ping_status":"closed","template":"page-templates\/template-pagebuilder-full-width.php","meta":{"neve_meta_sidebar":"full-width","neve_meta_container":"","neve_meta_enable_content_width":"on","neve_meta_content_width":100,"neve_meta_title_alignment":"","neve_meta_author_avatar":"","neve_post_elements_order":"","neve_meta_disable_header":"","neve_meta_disable_footer":"","neve_meta_disable_title":"on","footnotes":""},"class_list":["post-5","page","type-page","status-publish","hentry"],"_links":{"self":[{"href":"https:\/\/rugidomagico.com\/es\/wp-json\/wp\/v2\/pages\/5","targetHints":{"allow":["GET"]}}],"collection":[{"href":"https:\/\/rugidomagico.com\/es\/wp-json\/wp\/v2\/pages"}],"about":[{"href":"https:\/\/rugidomagico.com\/es\/wp-json\/wp\/v2\/types\/page"}],"author":[{"embeddable":true,"href":"https:\/\/rugidomagico.com\/es\/wp-json\/wp\/v2\/users\/4"}],"replies":[{"embeddable":true,"href":"https:\/\/rugidomagico.com\/es\/wp-json\/wp\/v2\/comments?post=5"}],"version-history":[{"count":71,"href":"https:\/\/rugidomagico.com\/es\/wp-json\/wp\/v2\/pages\/5\/revisions"}],"predecessor-version":[{"id":476,"href":"https:\/\/rugidomagico.com\/es\/wp-json\/wp\/v2\/pages\/5\/revisions\/476"}],"wp:attachment":[{"href":"https:\/\/rugidomagico.com\/es\/wp-json\/wp\/v2\/media?parent=5"}],"curies":[{"name":"wp","href":"https:\/\/api.w.org\/{rel}","templated":true}]}}